{"id":2409,"date":"2023-10-30T21:36:02","date_gmt":"2023-10-31T00:36:02","guid":{"rendered":"https:\/\/pilo.cl\/?page_id=2409"},"modified":"2023-10-30T21:36:02","modified_gmt":"2023-10-31T00:36:02","slug":"citofonia","status":"publish","type":"page","link":"https:\/\/pilo.cl\/index.php\/citofonia\/","title":{"rendered":"Citofon\u00eda"},"content":{"rendered":"\n<p>La citofon\u00eda es un sistema de comunicaci\u00f3n que permite la interacci\u00f3n entre personas ubicadas en diferentes \u00e1reas o habitaciones de un edificio o instalaci\u00f3n, utilizando dispositivos de audio y, en algunos casos, video. En esencia, se trata de un sistema de intercomunicaci\u00f3n que facilita la conversaci\u00f3n a distancia dentro de un mismo lugar, como una vivienda, una empresa, un hospital, una escuela, o cualquier otro tipo de edificio.<\/p>\n\n\n\n<p>Los sistemas de citofon\u00eda suelen constar de estaciones de intercomunicaci\u00f3n ubicadas en diferentes puntos estrat\u00e9gicos del edificio, como puertas de entrada, habitaciones, pasillos, o zonas comunes. Estas estaciones permiten a las personas comunicarse entre s\u00ed presionando un bot\u00f3n o utilizando un micr\u00f3fono y altavoz incorporados. Adem\u00e1s, algunos sistemas de citofon\u00eda m\u00e1s avanzados incluyen caracter\u00edsticas como la videoconferencia para una comunicaci\u00f3n visual.<\/p>\n\n\n\n<p>En resumen, la citofon\u00eda es un sistema de comunicaci\u00f3n que facilita la conversaci\u00f3n y la interacci\u00f3n a distancia dentro de un mismo lugar, lo que resulta \u00fatil en una variedad de entornos para la seguridad, la comodidad y la eficiencia de la comunicaci\u00f3n.<\/p>\n","protected":false},"excerpt":{"rendered":"<p>La citofon\u00eda es un sistema de comunicaci\u00f3n que permite la interacci\u00f3n entre personas ubicadas en diferentes \u00e1reas o habitaciones de un edificio o instalaci\u00f3n, utilizando dispositivos de audio y, en algunos casos, video. En esencia, se trata de un sistema de intercomunicaci\u00f3n que facilita la conversaci\u00f3n a distancia dentro de un mismo lugar, como una [&hellip;]<\/p>\n","protected":false},"author":1,"featured_media":0,"parent":0,"menu_order":0,"comment_status":"closed","ping_status":"closed","template":"","meta":{"footnotes":""},"class_list":["post-2409","page","type-page","status-publish","hentry"],"_links":{"self":[{"href":"https:\/\/pilo.cl\/index.php\/wp-json\/wp\/v2\/pages\/2409","targetHints":{"allow":["GET"]}}],"collection":[{"href":"https:\/\/pilo.cl\/index.php\/wp-json\/wp\/v2\/pages"}],"about":[{"href":"https:\/\/pilo.cl\/index.php\/wp-json\/wp\/v2\/types\/page"}],"author":[{"embeddable":true,"href":"https:\/\/pilo.cl\/index.php\/wp-json\/wp\/v2\/users\/1"}],"replies":[{"embeddable":true,"href":"https:\/\/pilo.cl\/index.php\/wp-json\/wp\/v2\/comments?post=2409"}],"version-history":[{"count":1,"href":"https:\/\/pilo.cl\/index.php\/wp-json\/wp\/v2\/pages\/2409\/revisions"}],"predecessor-version":[{"id":2410,"href":"https:\/\/pilo.cl\/index.php\/wp-json\/wp\/v2\/pages\/2409\/revisions\/2410"}],"wp:attachment":[{"href":"https:\/\/pilo.cl\/index.php\/wp-json\/wp\/v2\/media?parent=2409"}],"curies":[{"name":"wp","href":"https:\/\/api.w.org\/{rel}","templated":true}]}}